{"id":7,"date":"2012-01-07T19:12:55","date_gmt":"2012-01-07T19:12:55","guid":{"rendered":"https:\/\/enriquericci.com\/?page_id=7"},"modified":"2024-03-21T17:12:48","modified_gmt":"2024-03-21T17:12:48","slug":"fotos","status":"publish","type":"page","link":"https:\/\/enriquericci.com\/?page_id=7","title":{"rendered":"FOTOS"},"content":{"rendered":"<p><strong>ENRIQUE RICCI \/ piano&nbsp;<\/strong>ngg_shortcode_0_placeholder<\/p>\n<p>&nbsp;<\/p>\n<p><strong>ENRIQUE RICCI \/ orquesta&nbsp;<\/strong>ngg_shortcode_1_placeholder<\/p>\n<div style=\"text-align: justify;\">Las \u00abmiscelaneous\u00bb de una extensa actividad internacional&nbsp;con eventos&nbsp;orquestales o&nbsp;a piano&nbsp;junto a grandes artistas pasan siempre por circunstancias muy especiales, tales como el haber podido&nbsp;tocar Mozart y Schubert&nbsp;a cuatro manos&nbsp;con&nbsp;el Mtro.Peter Maag, de haber ensayado junto a M.Caball\u00e9 y J.Carreras con la Orquesta de la Radio y Televisi\u00f3n en Katowice, Polonia, y&nbsp;por desavenencias sindicales&nbsp;haber acompa\u00f1ado finalmente el concierto desde el piano;&nbsp;o haber dirigido la primera \u00f3pera representada en el Principado de Andorra, haber dirigido la inauguraci\u00f3n de&nbsp;dos teatros (Guaira y Positivo) m\u00e1s&nbsp;un abierto para cincuenta mil personas en una misma ciudad: Curitiba, Brasil;&nbsp;o hasta haber realizado una grabaci\u00f3n para RTVE con el bar\u00edtono Vassily Smyslov, en su momento campe\u00f3n mundial de ajedrez&#8230;!<\/div>\n<p style=\"text-align: justify;\">Enrique Ricci<\/p>\n<p style=\"text-align: justify;\">ngg_shortcode_2_placeholder<\/p>\n<div>&nbsp;<\/div>\n<p>&nbsp;<\/p>\n<p>&nbsp;<\/p>\n","protected":false},"excerpt":{"rendered":"<p>ENRIQUE RICCI \/ piano&nbsp; &nbsp; ENRIQUE RICCI \/ orquesta&nbsp; Las \u00abmiscelaneous\u00bb de una extensa actividad internacional&nbsp;con eventos&nbsp;orquestales o&nbsp;a piano&nbsp;junto a grandes artistas pasan siempre por circunstancias muy especiales, tales como el haber podido&nbsp;tocar Mozart y Schubert&nbsp;a cuatro manos&nbsp;con&nbsp;el Mtro.Peter Maag, &hellip; <a href=\"https:\/\/enriquericci.com\/?page_id=7\">Sigue leyendo <span class=\"meta-nav\">&rarr;<\/span><\/a><\/p>\n","protected":false},"author":1,"featured_media":0,"parent":0,"menu_order":1,"comment_status":"closed","ping_status":"closed","template":"","meta":{"ngg_post_thumbnail":0,"footnotes":""},"class_list":["post-7","page","type-page","status-publish","hentry"],"_links":{"self":[{"href":"https:\/\/enriquericci.com\/index.php?rest_route=\/wp\/v2\/pages\/7"}],"collection":[{"href":"https:\/\/enriquericci.com\/index.php?rest_route=\/wp\/v2\/pages"}],"about":[{"href":"https:\/\/enriquericci.com\/index.php?rest_route=\/wp\/v2\/types\/page"}],"author":[{"embeddable":true,"href":"https:\/\/enriquericci.com\/index.php?rest_route=\/wp\/v2\/users\/1"}],"replies":[{"embeddable":true,"href":"https:\/\/enriquericci.com\/index.php?rest_route=%2Fwp%2Fv2%2Fcomments&post=7"}],"version-history":[{"count":5,"href":"https:\/\/enriquericci.com\/index.php?rest_route=\/wp\/v2\/pages\/7\/revisions"}],"predecessor-version":[{"id":477,"href":"https:\/\/enriquericci.com\/index.php?rest_route=\/wp\/v2\/pages\/7\/revisions\/477"}],"wp:attachment":[{"href":"https:\/\/enriquericci.com\/index.php?rest_route=%2Fwp%2Fv2%2Fmedia&parent=7"}],"curies":[{"name":"wp","href":"https:\/\/api.w.org\/{rel}","templated":true}]}}