{"id":39,"date":"2012-01-18T19:40:19","date_gmt":"2012-01-18T19:40:19","guid":{"rendered":"https:\/\/enriquericci.com\/?page_id=39"},"modified":"2024-03-21T17:27:56","modified_gmt":"2024-03-21T17:27:56","slug":"on-stage","status":"publish","type":"page","link":"https:\/\/enriquericci.com\/?page_id=39","title":{"rendered":"ON STAGE"},"content":{"rendered":"<p>El recital de canto con piano: el \u00abliederabend\u00bb para muchos, es siempre una de las expresiones musicales m\u00e1s puras, m\u00e1s \u00edntimas y m\u00e1s dif\u00edciles tambi\u00e9n. Mis recuerdos m\u00e1s fascinantes pasan por el repertorio espa\u00f1ol con Victoria de los Angeles (m\u00e1s de veinte recitales con las Siete Canciones Espa\u00f1olas de Manuel de Falla&#8230;), todo un programa Schubert con Hermann Prey, las canciones m\u00e1s bellas de Duparc y Poulenc con Regine Crespin, Britten con la autenticidad de Heather Harper, Tosti y el fraseo incre\u00edble de Jos\u00e9 Carreras, negro spirituals con Martina Arroyo, canciones rusas y escandinavas como s\u00f3lo las pod\u00eda hacer Nicolai Gedda, las Canciones y Danzas de la Muerte de Moussogrsky con Nicola Ghiuselev, el gran repertorio ruso con Irina Arkhipova y tambi\u00e9n Elena Obraztsova, programas canci\u00f3n-\u00f3pera a piano con Alfredo Kraus, con Ghena Dimitrova muy joven y casi debutando, con Renato Bruson en uno de sus primeros programas, Nicolai Ghiaurov a piano&#8230; , \u00a1y qu\u00e9 m\u00e1s que canzonetas napolitanas con Pippo Di Stefano a sus 75 a\u00f1os!<\/p>\n<p style=\"text-align: justify;\">El&nbsp;concierto l\u00edrico con orquesta (\u00abgala l\u00edrica\u00bb tambi\u00e9n) y con uno o dos solistas vocales de gran convocatoria&nbsp;ha sido&nbsp;uno de los formatos de concierto que m\u00e1s he trabajado internacionalmente y que conforma&nbsp;siempre un \u00e9xito inmediato, sea&nbsp;por su comunicaci\u00f3n muy directa o por estar&nbsp;abierto a grandes y variadas audiencias. Imposible olvidar&nbsp;las sensaciones y experiencias vividas en salas como el Royal Albert Hall de Londres, el Rudolfinum de Praga, la Philharmonia de Munich,&nbsp;la Gran Sala del Pueblo en Pekin&nbsp;o con la magia \u00fanica del Teatro Col\u00f3n de Buenos Aires. Una experiencia casi especializada&nbsp;me requierieron sitios abiertos como la Arena de Verona, la Wolf Trap&nbsp;en Washington DC, el Teatro Griego de Los Angeles, el&nbsp;Antiguo Teatro de Ephesus en Turqu\u00eda&nbsp;o los hermosos escenarios estivales&nbsp;de Alemania, y en su g\u00e9nero c\u00f3mo no recordar tambi\u00e9n al Radio City de New York. Con Jos\u00e9 Carreras&nbsp;fueron m\u00e1s de veinticinco pa\u00edses, junto a Montserrat Caball\u00e9, a Agnes Baltsa&nbsp;o a Karita Mattila entre otras; con&nbsp;Jaume Aragall, con Peter Schreier haciendo Mozart,&nbsp;con Ram\u00f3n Vargas en \u00abLucia\u00bb,&nbsp;con Francisco Araiza, etc.<\/p>\n<p style=\"text-align: justify;\">Enrique Ricci<\/p>\n","protected":false},"excerpt":{"rendered":"<p>El recital de canto con piano: el \u00abliederabend\u00bb para muchos, es siempre una de las expresiones musicales m\u00e1s puras, m\u00e1s \u00edntimas y m\u00e1s dif\u00edciles tambi\u00e9n. Mis recuerdos m\u00e1s fascinantes pasan por el repertorio espa\u00f1ol con Victoria de los Angeles (m\u00e1s &hellip; <a href=\"https:\/\/enriquericci.com\/?page_id=39\">Sigue leyendo <span class=\"meta-nav\">&rarr;<\/span><\/a><\/p>\n","protected":false},"author":1,"featured_media":0,"parent":0,"menu_order":5,"comment_status":"closed","ping_status":"closed","template":"","meta":{"ngg_post_thumbnail":0,"footnotes":""},"class_list":["post-39","page","type-page","status-publish","hentry"],"_links":{"self":[{"href":"https:\/\/enriquericci.com\/index.php?rest_route=\/wp\/v2\/pages\/39"}],"collection":[{"href":"https:\/\/enriquericci.com\/index.php?rest_route=\/wp\/v2\/pages"}],"about":[{"href":"https:\/\/enriquericci.com\/index.php?rest_route=\/wp\/v2\/types\/page"}],"author":[{"embeddable":true,"href":"https:\/\/enriquericci.com\/index.php?rest_route=\/wp\/v2\/users\/1"}],"replies":[{"embeddable":true,"href":"https:\/\/enriquericci.com\/index.php?rest_route=%2Fwp%2Fv2%2Fcomments&post=39"}],"version-history":[{"count":6,"href":"https:\/\/enriquericci.com\/index.php?rest_route=\/wp\/v2\/pages\/39\/revisions"}],"predecessor-version":[{"id":485,"href":"https:\/\/enriquericci.com\/index.php?rest_route=\/wp\/v2\/pages\/39\/revisions\/485"}],"wp:attachment":[{"href":"https:\/\/enriquericci.com\/index.php?rest_route=%2Fwp%2Fv2%2Fmedia&parent=39"}],"curies":[{"name":"wp","href":"https:\/\/api.w.org\/{rel}","templated":true}]}}