{"id":35,"date":"2012-01-18T19:25:43","date_gmt":"2012-01-18T19:25:43","guid":{"rendered":"https:\/\/enriquericci.com\/?page_id=35"},"modified":"2024-03-21T17:26:01","modified_gmt":"2024-03-21T17:26:01","slug":"music-consulting","status":"publish","type":"page","link":"https:\/\/enriquericci.com\/?page_id=35","title":{"rendered":"MUSIC CONSULTING"},"content":{"rendered":"<div style=\"text-align: justify;\">Los cargos directivos, sean art\u00edsticos o espec\u00edficamente musicales, se iniciaron tambi\u00e9n en Buenos Aires al frente de la Orquesta Sinf\u00f3nica Juvenil de Radio Nacional, para continuar a\u00f1os m\u00e1s tarde con la \u00d3pera de C\u00e1mara del Teatro Col\u00f3n en varias de sus giras internacionales, y luego con la Orquesta Filarm\u00f3nica Municipal en Santiago de Chile. En el Gran Teatre del Liceu de Barcelona, luego de haber ocupado la Direcci\u00f3n de Estudios, fui designado Consejero Art\u00edstico y Musical.<\/div>\n<p style=\"text-align: justify;\">Paralelamente y durante&nbsp;varios a\u00f1os&nbsp;fui Director Musical de la prueba final del Concurso Francisco Vi\u00f1as y del 1er.Concurso Internacional&nbsp;Madame Butterfly, habiendo dirigido la actuaci\u00f3n final de cantantes como Olga Borodina&nbsp;o Inva Mula. En Sudamerica tambi\u00e9n acompa\u00f1ante de la prueba final del Concurso Internacional de Canto de Rio de Janeiro, destacando&nbsp;el \u00e9xito junto&nbsp;a Anna Tomova-Sintow, y como Asesor y\/o Consejero Art\u00edstico trabaj\u00e9 con la Asociaci\u00f3n Uruguaya Pro-Opera y con la Opera de Lima, Per\u00fa. En Vi\u00f1a del Mar, Chile, jurado del Concurso&nbsp;Internacional de Ejecuci\u00f3n Musical en la especialidad de Piano; Presidente del Jurado del 1er.Concurso Nacional de la Opera de San Juan, Argentina y miembro del jurado del 1er.Concurso Iberoamericano de Canto en Guanajuato, M\u00e9xico. En Espa\u00f1a,&nbsp;jurado&nbsp;de dos ediciones del Concurso Internacional de Canto Juli\u00e1n Gayarre en Pamplona, junto a Jos\u00e9 Carreras y Teresa Berganza respectivamente.<\/p>\n<p style=\"text-align: justify;\">Enrique Ricci<\/p>\n<p style=\"text-align: justify;\">&nbsp;<\/p>\n","protected":false},"excerpt":{"rendered":"<p>Los cargos directivos, sean art\u00edsticos o espec\u00edficamente musicales, se iniciaron tambi\u00e9n en Buenos Aires al frente de la Orquesta Sinf\u00f3nica Juvenil de Radio Nacional, para continuar a\u00f1os m\u00e1s tarde con la \u00d3pera de C\u00e1mara del Teatro Col\u00f3n en varias de &hellip; <a href=\"https:\/\/enriquericci.com\/?page_id=35\">Sigue leyendo <span class=\"meta-nav\">&rarr;<\/span><\/a><\/p>\n","protected":false},"author":1,"featured_media":0,"parent":0,"menu_order":2,"comment_status":"closed","ping_status":"closed","template":"","meta":{"ngg_post_thumbnail":0,"footnotes":""},"class_list":["post-35","page","type-page","status-publish","hentry"],"_links":{"self":[{"href":"https:\/\/enriquericci.com\/index.php?rest_route=\/wp\/v2\/pages\/35"}],"collection":[{"href":"https:\/\/enriquericci.com\/index.php?rest_route=\/wp\/v2\/pages"}],"about":[{"href":"https:\/\/enriquericci.com\/index.php?rest_route=\/wp\/v2\/types\/page"}],"author":[{"embeddable":true,"href":"https:\/\/enriquericci.com\/index.php?rest_route=\/wp\/v2\/users\/1"}],"replies":[{"embeddable":true,"href":"https:\/\/enriquericci.com\/index.php?rest_route=%2Fwp%2Fv2%2Fcomments&post=35"}],"version-history":[{"count":6,"href":"https:\/\/enriquericci.com\/index.php?rest_route=\/wp\/v2\/pages\/35\/revisions"}],"predecessor-version":[{"id":481,"href":"https:\/\/enriquericci.com\/index.php?rest_route=\/wp\/v2\/pages\/35\/revisions\/481"}],"wp:attachment":[{"href":"https:\/\/enriquericci.com\/index.php?rest_route=%2Fwp%2Fv2%2Fmedia&parent=35"}],"curies":[{"name":"wp","href":"https:\/\/api.w.org\/{rel}","templated":true}]}}