{"id":33,"date":"2012-01-18T19:22:49","date_gmt":"2012-01-18T19:22:49","guid":{"rendered":"https:\/\/enriquericci.com\/?page_id=33"},"modified":"2024-03-21T17:27:27","modified_gmt":"2024-03-21T17:27:27","slug":"coaching","status":"publish","type":"page","link":"https:\/\/enriquericci.com\/?page_id=33","title":{"rendered":"COACHING"},"content":{"rendered":"<p><span style=\"font-size: revert; text-align: justify;\">La tarea del \u201ccoach\u201d (repertorista) es para m\u00ed la de una completa preparaci\u00f3n musical-vocal, que va desde la lectura e interpretaci\u00f3n de la partitura hasta un completo trabajo sobre los recursos vocales a utilizar: emisi\u00f3n, fraseo, dicci\u00f3n, pautas estil\u00edsticas, etc; y que en mi propuesta personal suma al acompa\u00f1amiento pian\u00edstico el perfil y la vivencia pr\u00e1ctica del director de orquesta.<\/span><\/p>\n<div style=\"text-align: justify;\">\n<p>Mi experiencia en preparaci\u00f3n se remonta tanto a j\u00f3venes cantantes como a las grandes figuras que durante a\u00f1os tuve el placer de acompa\u00f1ar por todo el mundo. Muy interesante fue para m\u00ed la experiencia junto a Jon Vickers, con quien colabor\u00e9 en&nbsp;el estudio&nbsp;y memorizaci\u00f3n del 3er.Acto de \u201cTristan und Isolde\u201d para su debut en el rol con Birgit Nilsson; o junto a Frederica von Stade, con quien trabaj\u00e9 el \u201cDardanus\u201d de Rameau en&nbsp;ensayos previos a su grabaci\u00f3n comercial; con Martina Arroyo y Pedro Lavirgen en los dos \u00faltimos actos de la inusual \u201cI Vespri Siciliani\u201d,&nbsp;con una selecci\u00f3n de canciones argentinas que Alfredo Kraus dese\u00f3 incorporar&nbsp;a su repertorio de recitales y que luego&nbsp;le acompa\u00f1ara tambi\u00e9n en p\u00fablico;&nbsp;o en Barcelona preparando y acompa\u00f1ando algunas de las primeras actuaciones &nbsp;en el Gran Teatre del Liceu de figuras notables del pa\u00eds como Stefano Palatchi&nbsp;y Josep Bros,&nbsp;o en Buenos Aires y Montevideo los primeros pasos de futuras estrellas como Marcelo Alvarez y Erwin Schrott.<\/p>\n<p>Enrique Ricci<\/p>\n<\/div>\n","protected":false},"excerpt":{"rendered":"<p>La tarea del \u201ccoach\u201d (repertorista) es para m\u00ed la de una completa preparaci\u00f3n musical-vocal, que va desde la lectura e interpretaci\u00f3n de la partitura hasta un completo trabajo sobre los recursos vocales a utilizar: emisi\u00f3n, fraseo, dicci\u00f3n, pautas estil\u00edsticas, etc; &hellip; <a href=\"https:\/\/enriquericci.com\/?page_id=33\">Sigue leyendo <span class=\"meta-nav\">&rarr;<\/span><\/a><\/p>\n","protected":false},"author":1,"featured_media":0,"parent":0,"menu_order":4,"comment_status":"closed","ping_status":"closed","template":"","meta":{"ngg_post_thumbnail":0,"footnotes":""},"class_list":["post-33","page","type-page","status-publish","hentry"],"_links":{"self":[{"href":"https:\/\/enriquericci.com\/index.php?rest_route=\/wp\/v2\/pages\/33"}],"collection":[{"href":"https:\/\/enriquericci.com\/index.php?rest_route=\/wp\/v2\/pages"}],"about":[{"href":"https:\/\/enriquericci.com\/index.php?rest_route=\/wp\/v2\/types\/page"}],"author":[{"embeddable":true,"href":"https:\/\/enriquericci.com\/index.php?rest_route=\/wp\/v2\/users\/1"}],"replies":[{"embeddable":true,"href":"https:\/\/enriquericci.com\/index.php?rest_route=%2Fwp%2Fv2%2Fcomments&post=33"}],"version-history":[{"count":6,"href":"https:\/\/enriquericci.com\/index.php?rest_route=\/wp\/v2\/pages\/33\/revisions"}],"predecessor-version":[{"id":484,"href":"https:\/\/enriquericci.com\/index.php?rest_route=\/wp\/v2\/pages\/33\/revisions\/484"}],"wp:attachment":[{"href":"https:\/\/enriquericci.com\/index.php?rest_route=%2Fwp%2Fv2%2Fmedia&parent=33"}],"curies":[{"name":"wp","href":"https:\/\/api.w.org\/{rel}","templated":true}]}}